{"id":8,"date":"2022-07-04T13:13:47","date_gmt":"2022-07-04T13:13:47","guid":{"rendered":"https:\/\/viragosvendeghaz.hu\/?page_id=8"},"modified":"2024-09-09T14:38:20","modified_gmt":"2024-09-09T14:38:20","slug":"kezdolap","status":"publish","type":"page","link":"https:\/\/viragosvendeghaz.hu\/","title":{"rendered":"Kezd\u0151lap"},"content":{"rendered":"\r\n<p aria-level=\"3\"><span data-contrast=\"none\">Akt\u00edv felt\u00f6lt\u0151d\u00e9s csoportoknak a szubalpin kl\u00edm\u00e1j\u00fa Velemben<\/span>&nbsp;<\/p>\r\n<p aria-level=\"3\"><span data-contrast=\"none\">&nbsp;<\/span>&nbsp;<\/p>\r\n<p aria-level=\"3\"><b><span data-contrast=\"none\">Elhelyezked\u00e9s:<\/span><\/b>&nbsp;<\/p>\r\n<p><span data-contrast=\"none\">Telep\u00fcl\u00e9s\u00fcnk k\u00f6zvetlen\u00fcl az Osztr\u00e1k hat\u00e1r k\u00f6zel\u00e9ben t\u00e1jv\u00e9delmi k\u00f6rzetben, az \u00cdrottk\u0151&nbsp;Naturpark&nbsp;ter\u00fclet\u00e9n fekszik. Az Alpok k\u00f6zels\u00e9ge k\u00fcl\u00f6nleges mikrokl\u00edm\u00e1t hozott l\u00e9tre, \u00edgy a szel\u00eddgeszteny\u00e9sekkel k\u00f6rbevett krist\u00e1lytiszta leveg\u0151j\u0171 Velem a l\u00e9gz\u0151szervi panaszokkal k\u00fcszk\u00f6d\u0151k sz\u00e1m\u00e1ra is val\u00f3s\u00e1gos zar\u00e1ndokhelly\u00e9 v\u00e1lt. A sz\u00e9p kis falucsk\u00e1t a Szentk\u00fat-forr\u00e1sb\u00f3l ered\u0151 hegyipatak szeli \u00e1t, \u00e9s a falu v\u00edzell\u00e1t\u00e1s\u00e1t ugyancsak forr\u00e1svizek biztos\u00edtj\u00e1k.<\/span><\/p>\r\n<p>A k\u00e9k t\u00fara kezd\u0151 avagy v\u00e9gpontja itt tal\u00e1lhat\u00f3, az \u00cdrottk\u0151, ami k\u00e9nyelmes temp\u00f3ban kb.2 \u00e9s f\u00e9l \u00f3r\u00e1s t\u00fara a sz\u00e1ll\u00e1sr\u00f3l indulva.<\/p>\r\n<p><span data-contrast=\"none\">A sz\u00e1ll\u00e1shely 120 \u00e9ves hagyom\u00e1ny\u0151rz\u0151, kapusz\u00ednes&nbsp; k\u0151h\u00e1z, 60 cm-es falakkal.<\/span>&nbsp;<\/p>\r\n<p><b><span data-contrast=\"none\">F\u00e9r\u0151helyek:<\/span><\/b>&nbsp;<br><b><span data-contrast=\"none\">A tet\u0151t\u00e9rben egy klimatiz\u00e1lt 80 m2-es skandin\u00e1v haj\u00f3padl\u00f3 bor\u00edt\u00e1s\u00fa j\u00f3gatermet alak\u00edtottunk ki, mely alkalmas csoportos programokra vagy telth\u00e1zas foglal\u00e1s eset\u00e9n h\u00e1l\u00f3zs\u00e1kos sz\u00e1ll\u00e1sra is.&nbsp; ( Ez mez\u00edtl\u00e1bas helyis\u00e9g \ud83d\ude42&nbsp; ) Ezen a t\u00e9ren \u00e1thaladva k\u00f6zel\u00edthet\u0151 meg a 2 db kl\u00edm\u00e1val felszerelt 2 \u00e1gyas szoba.&nbsp; Mindkett\u0151 saj\u00e1t vizesblokkal rendelkezik, melyeket a szob\u00e1b\u00f3l kil\u00e9pve 1 l\u00e9p\u00e9sre tal\u00e1lunk meg . <\/span><\/b><\/p>\r\n<p><b><span data-contrast=\"none\">A f\u00f6ldszinten az udvarra ny\u00edl\u00f3 2 db f\u00f6ldszinti&nbsp; 3 \u00e1gyas, konyhasarokkal rendelkez\u0151 f\u00fcrd\u0151szob\u00e1s szoba helyezkedik el. <\/span><\/b><\/p>\r\n<p><br><b><span data-contrast=\"none\">A k\u00f6r\u00fclm\u00e9nyek alkalmasak csal\u00e1dok, bar\u00e1ti t\u00e1rsas\u00e1gok, csoportok fogad\u00e1s\u00e1ra. \u00c9vek \u00f3ta vannak visszat\u00e9r\u0151 t\u00e1boroz\u00f3k, akik itt tartj\u00e1k kurzusaikat (j\u00f3ga, massz\u00e1s, \u00e9letm\u00f3d, bels\u0151-\u00fat t\u00e1borok). Nagyobb l\u00e9tsz\u00e1m eset\u00e9n tov\u00e1bbi sz\u00e1ll\u00e1shelyek a szomsz\u00e9dos h\u00e1zakban \u00e1llnak rendelkez\u00e9sre.<\/span><\/b><\/p>\r\n<p>&nbsp;<\/p>\r\n<p>Gyermek kedvezm\u00e9nyt nem \u00e1ll m\u00f3dunkban adni.&nbsp;<\/p>\r\n<p>Kis\u00e1llatokat nem \u00e1ll m\u00f3dunkban fogadni, mivel nem szepar\u00e1lhat\u00f3ak a vend\u00e9gek rendelkez\u00e9s\u00e9re \u00e1ll\u00f3 terek.&nbsp;<\/p>\r\n<p><br>K\u00e9rj\u00fck kedves vend\u00e9geinket, hogy a foglal\u00e1s ut\u00e1n mindenk\u00e9ppen vegy\u00e9k fel a kapcsolatot vel\u00fcnk az \u00e9rkez\u00e9s pontos\u00edt\u00e1sa miatt. Rugalmasak vagyunk, ugyanakkor mindenkinek fontos, hogy f\u00f6l\u00f6slegesen ne v\u00e1rakozzunk egym\u00e1sra.<\/p>\r\n","protected":false},"excerpt":{"rendered":"<p>Akt\u00edv felt\u00f6lt\u0151d\u00e9s csoportoknak a szubalpin kl\u00edm\u00e1j\u00fa Velemben&nbsp; &nbsp;&nbsp; Elhelyezked\u00e9s:&nbsp; Telep\u00fcl\u00e9s\u00fcnk k\u00f6zvetlen\u00fcl az Osztr\u00e1k hat\u00e1r k\u00f6zel\u00e9ben t\u00e1jv\u00e9delmi k\u00f6rzetben, az \u00cdrottk\u0151&nbsp;Naturpark&nbsp;ter\u00fclet\u00e9n fekszik. Az Alpok k\u00f6zels\u00e9ge k\u00fcl\u00f6nleges mikrokl\u00edm\u00e1t hozott l\u00e9tre, \u00edgy a szel\u00eddgeszteny\u00e9sekkel k\u00f6rbevett krist\u00e1lytiszta leveg\u0151j\u0171 Velem a l\u00e9gz\u0151szervi panaszokkal k\u00fcszk\u00f6d\u0151k sz\u00e1m\u00e1ra is val\u00f3s\u00e1gos zar\u00e1ndokhelly\u00e9 v\u00e1lt. A sz\u00e9p kis falucsk\u00e1t a Szentk\u00fat-forr\u00e1sb\u00f3l ered\u0151 hegyipatak szeli \u00e1t, \u00e9s a &hellip; <\/p>\n<p class=\"link-more\"><a href=\"https:\/\/viragosvendeghaz.hu\/\" class=\"more-link\"><span class=\"screen-reader-text\">&#8222;Kezd\u0151lap&#8221;<\/span> b\u0151vebben<\/a><\/p>\n","protected":false},"author":1,"featured_media":226,"parent":0,"menu_order":0,"comment_status":"closed","ping_status":"closed","template":"","meta":{"ngg_post_thumbnail":0,"footnotes":""},"class_list":["post-8","page","type-page","status-publish","has-post-thumbnail","hentry"],"_links":{"self":[{"href":"https:\/\/viragosvendeghaz.hu\/index.php?rest_route=\/wp\/v2\/pages\/8","targetHints":{"allow":["GET"]}}],"collection":[{"href":"https:\/\/viragosvendeghaz.hu\/index.php?rest_route=\/wp\/v2\/pages"}],"about":[{"href":"https:\/\/viragosvendeghaz.hu\/index.php?rest_route=\/wp\/v2\/types\/page"}],"author":[{"embeddable":true,"href":"https:\/\/viragosvendeghaz.hu\/index.php?rest_route=\/wp\/v2\/users\/1"}],"replies":[{"embeddable":true,"href":"https:\/\/viragosvendeghaz.hu\/index.php?rest_route=%2Fwp%2Fv2%2Fcomments&post=8"}],"version-history":[{"count":11,"href":"https:\/\/viragosvendeghaz.hu\/index.php?rest_route=\/wp\/v2\/pages\/8\/revisions"}],"predecessor-version":[{"id":533,"href":"https:\/\/viragosvendeghaz.hu\/index.php?rest_route=\/wp\/v2\/pages\/8\/revisions\/533"}],"wp:featuredmedia":[{"embeddable":true,"href":"https:\/\/viragosvendeghaz.hu\/index.php?rest_route=\/wp\/v2\/media\/226"}],"wp:attachment":[{"href":"https:\/\/viragosvendeghaz.hu\/index.php?rest_route=%2Fwp%2Fv2%2Fmedia&parent=8"}],"curies":[{"name":"wp","href":"https:\/\/api.w.org\/{rel}","templated":true}]}}