{"id":9,"date":"2022-07-04T13:13:47","date_gmt":"2022-07-04T13:13:47","guid":{"rendered":"https:\/\/viragosvendeghaz.hu\/?page_id=9"},"modified":"2026-01-13T19:07:49","modified_gmt":"2026-01-13T19:07:49","slug":"rolunk","status":"publish","type":"page","link":"https:\/\/viragosvendeghaz.hu\/?page_id=9","title":{"rendered":"\u00c1raink"},"content":{"rendered":"\r\n<p>&nbsp;<\/p>\r\n<table>\r\n<tbody>\r\n<tr>\r\n<td>\r\n<p><b><span data-contrast=\"none\">\u00a0<\/span><\/b>\u00a0<\/p>\r\n<\/td>\r\n<td>\u00a0<\/td>\r\n<td>\r\n<p><b><span data-contrast=\"none\">\u00a0<\/span><\/b>\u00a0<\/p>\r\n<\/td>\r\n<\/tr>\r\n<tr>\r\n<td>\r\n<p><b><span data-contrast=\"none\">Szoba<\/span><\/b>\u00a0<\/p>\r\n<\/td>\r\n<td>\r\n<p><b><span data-contrast=\"none\">9.500-11.500<\/span><\/b>\u00a0\u00a0<strong>Ft\/f\u0151\/\u00e9j<\/strong><\/p>\r\n<\/td>\r\n<td>\r\n<p><b><span data-contrast=\"none\">+ IFA<\/span><\/b>\u00a0<\/p>\r\n<\/td>\r\n<\/tr>\r\n<tr>\r\n<td>\r\n<p>&nbsp;<\/p>\r\n<\/td>\r\n<td>\r\n<p>&nbsp;<\/p>\r\n<\/td>\r\n<td>\u00a0<\/td>\r\n<\/tr>\r\n<tr>\r\n<td>\r\n<p><b><span data-contrast=\"none\">Teremb\u00e9rlet<\/span><\/b>\u00a0<\/p>\r\n<\/td>\r\n<td>\r\n<p><b><span data-contrast=\"none\">10.000 Ft\/nap<\/span><\/b>\u00a0<\/p>\r\n<\/td>\r\n<td>\r\n<p><b><span data-contrast=\"none\">\u00a0<\/span><\/b>\u00a0<\/p>\r\n<\/td>\r\n<\/tr>\r\n<\/tbody>\r\n<\/table>\r\n<p><span data-contrast=\"none\">IFA:400 Ft\/\u00e9j<\/span>\u00a0<\/p>\r\n<p><b><span data-contrast=\"none\">1 \u00e9jszak\u00e1s tart\u00f3zkod\u00e1s eset\u00e9n 10.000 Ft\/f\u0151\/\u00e9j +IFA<\/span><\/b>\u00a0<\/p>\r\n<p><b><span data-contrast=\"none\">2 vagy t\u00f6bb \u00e9jszaka eset\u00e9n 9.500 Ft\/f\u0151\/\u00e9j +IFA<\/span><\/b>\u00a0<\/p>\r\n<p><b><span data-contrast=\"none\">Kiemelt id\u0151szakokban: H\u00fasv\u00e9t, P\u00fcnk\u00f6sd, Gesztenye\u00fcnnep, Kar\u00e1csony, Szilveszter :\u00a0 11.500 Ft\/f\u0151\/\u00e9j +IFA<\/span><\/b>\u00a0<\/p>\r\n<p><span data-contrast=\"none\">18 \u00e9ven aluliak mentes\u00fclnek az Idegenforgalmi ad\u00f3<\/span>\u00a0<br \/><span data-contrast=\"none\">fizet\u00e9se al\u00f3l.<\/span>\u00a0<\/p>\r\n<p><span data-contrast=\"none\">SZ\u00c9P k\u00e1rty\u00e1t elfogadunk.<\/span>\u00a0<\/p>\r\n","protected":false},"excerpt":{"rendered":"<p>&nbsp; \u00a0\u00a0 \u00a0 \u00a0\u00a0 Szoba\u00a0 9.500-11.500\u00a0\u00a0Ft\/f\u0151\/\u00e9j + IFA\u00a0 &nbsp; &nbsp; \u00a0 Teremb\u00e9rlet\u00a0 10.000 Ft\/nap\u00a0 \u00a0\u00a0 IFA:400 Ft\/\u00e9j\u00a0 1 \u00e9jszak\u00e1s tart\u00f3zkod\u00e1s eset\u00e9n 10.000 Ft\/f\u0151\/\u00e9j +IFA\u00a0 2 vagy t\u00f6bb \u00e9jszaka eset\u00e9n 9.500 Ft\/f\u0151\/\u00e9j +IFA\u00a0 Kiemelt id\u0151szakokban: H\u00fasv\u00e9t, P\u00fcnk\u00f6sd, Gesztenye\u00fcnnep, Kar\u00e1csony, Szilveszter :\u00a0 11.500 Ft\/f\u0151\/\u00e9j +IFA\u00a0 18 \u00e9ven aluliak mentes\u00fclnek az Idegenforgalmi ad\u00f3\u00a0fizet\u00e9se al\u00f3l.\u00a0 SZ\u00c9P k\u00e1rty\u00e1t elfogadunk.\u00a0<\/p>\n","protected":false},"author":1,"featured_media":104,"parent":0,"menu_order":0,"comment_status":"closed","ping_status":"closed","template":"","meta":{"ngg_post_thumbnail":0,"footnotes":""},"class_list":["post-9","page","type-page","status-publish","has-post-thumbnail","hentry"],"_links":{"self":[{"href":"https:\/\/viragosvendeghaz.hu\/index.php?rest_route=\/wp\/v2\/pages\/9","targetHints":{"allow":["GET"]}}],"collection":[{"href":"https:\/\/viragosvendeghaz.hu\/index.php?rest_route=\/wp\/v2\/pages"}],"about":[{"href":"https:\/\/viragosvendeghaz.hu\/index.php?rest_route=\/wp\/v2\/types\/page"}],"author":[{"embeddable":true,"href":"https:\/\/viragosvendeghaz.hu\/index.php?rest_route=\/wp\/v2\/users\/1"}],"replies":[{"embeddable":true,"href":"https:\/\/viragosvendeghaz.hu\/index.php?rest_route=%2Fwp%2Fv2%2Fcomments&post=9"}],"version-history":[{"count":20,"href":"https:\/\/viragosvendeghaz.hu\/index.php?rest_route=\/wp\/v2\/pages\/9\/revisions"}],"predecessor-version":[{"id":556,"href":"https:\/\/viragosvendeghaz.hu\/index.php?rest_route=\/wp\/v2\/pages\/9\/revisions\/556"}],"wp:featuredmedia":[{"embeddable":true,"href":"https:\/\/viragosvendeghaz.hu\/index.php?rest_route=\/wp\/v2\/media\/104"}],"wp:attachment":[{"href":"https:\/\/viragosvendeghaz.hu\/index.php?rest_route=%2Fwp%2Fv2%2Fmedia&parent=9"}],"curies":[{"name":"wp","href":"https:\/\/api.w.org\/{rel}","templated":true}]}}